{"id":105,"date":"2014-09-22T16:45:10","date_gmt":"2014-09-22T14:45:10","guid":{"rendered":"http:\/\/rundumberatung.at\/?page_id=105"},"modified":"2015-08-15T20:28:06","modified_gmt":"2015-08-15T18:28:06","slug":"references","status":"publish","type":"page","link":"https:\/\/www.rundumberatung.at\/en\/rundumpolitik\/references\/","title":{"rendered":"References"},"content":{"rendered":"<h2>Unsere Expertise<\/h2>\n<p>Daniela Musiol hat im Laufe ihrer T\u00e4tigkeit f\u00fcr die Gr\u00fcnen zahllose Partei-Teilorganisationen strategisch gecoacht, in Konfliktangelegenheiten beraten und Organisationsentwicklungsprozesse begleitet und implementiert.<\/p>\n<p>Thomas Geldmacher ist seit Jahren als Politik- und Medienanalyst t\u00e4tig. Vor allem aber war er als Wissenschafter, Interessenvertreter, Journalist und \u00d6ffentlichkeitsarbeiter federf\u00fchrend an den politischen Prozessen zur Rehabilitierung der \u00f6sterreichischen Wehrmachtsdeserteure beteiligt, die nun in der Errichtung eines <a title=\"Deserteursdenkmal\" href=\"http:\/\/www.deserteursdenkmal.at\" target=\"new\">Deserteursdenkmals<\/a> am Wiener Ballhausplatz ihren H\u00f6hepunkt und Abschluss gefunden hat.<\/p>\n<p>Nutzen Sie also die Erfahrung, die wir in jahrelanger politischer Arbeit gesammelt haben, und kontaktieren Sie uns einfach. Gemeinsam entwickeln wir Konzepte, die genau Ihren Bed\u00fcrfnissen entsprechen.<\/p>\n","protected":false},"excerpt":{"rendered":"<p>Unsere Expertise Daniela Musiol hat im Laufe ihrer T\u00e4tigkeit f\u00fcr die Gr\u00fcnen zahllose Partei-Teilorganisationen strategisch gecoacht, in Konfliktangelegenheiten beraten und Organisationsentwicklungsprozesse begleitet und implementiert. Thomas Geldmacher ist seit Jahren als Politik- und Medienanalyst t\u00e4tig. Vor allem aber war er als Wissenschafter, Interessenvertreter, Journalist und \u00d6ffentlichkeitsarbeiter federf\u00fchrend an den politischen Prozessen zur Rehabilitierung der \u00f6sterreichischen Wehrmachtsdeserteure &hellip; <a href=\"https:\/\/www.rundumberatung.at\/en\/rundumpolitik\/references\/\" class=\"more-link\">Continue reading <span class=\"screen-reader-text\">References<\/span> <span class=\"meta-nav\">&rarr;<\/span><\/a><\/p>\n","protected":false},"author":2,"featured_media":0,"parent":29,"menu_order":6,"comment_status":"closed","ping_status":"closed","template":"","meta":{"_acf_changed":false,"footnotes":""},"class_list":["post-105","page","type-page","status-publish","hentry"],"acf":[],"_links":{"self":[{"href":"https:\/\/www.rundumberatung.at\/en\/wp-json\/wp\/v2\/pages\/105","targetHints":{"allow":["GET"]}}],"collection":[{"href":"https:\/\/www.rundumberatung.at\/en\/wp-json\/wp\/v2\/pages"}],"about":[{"href":"https:\/\/www.rundumberatung.at\/en\/wp-json\/wp\/v2\/types\/page"}],"author":[{"embeddable":true,"href":"https:\/\/www.rundumberatung.at\/en\/wp-json\/wp\/v2\/users\/2"}],"replies":[{"embeddable":true,"href":"https:\/\/www.rundumberatung.at\/en\/wp-json\/wp\/v2\/comments?post=105"}],"version-history":[{"count":0,"href":"https:\/\/www.rundumberatung.at\/en\/wp-json\/wp\/v2\/pages\/105\/revisions"}],"up":[{"embeddable":true,"href":"https:\/\/www.rundumberatung.at\/en\/wp-json\/wp\/v2\/pages\/29"}],"wp:attachment":[{"href":"https:\/\/www.rundumberatung.at\/en\/wp-json\/wp\/v2\/media?parent=105"}],"curies":[{"name":"wp","href":"https:\/\/api.w.org\/{rel}","templated":true}]}}